{"id":11760,"date":"2023-03-15T16:26:27","date_gmt":"2023-03-15T16:26:27","guid":{"rendered":"https:\/\/iyafp.net\/?page_id=11760"},"modified":"2025-03-01T13:47:08","modified_gmt":"2025-03-01T13:47:08","slug":"galerie-photo","status":"publish","type":"page","link":"https:\/\/iyafp.net\/index.php\/galerie-photo\/","title":{"rendered":"Galerie Photo"},"content":{"rendered":"\t\t<div data-elementor-type=\"wp-page\" data-elementor-id=\"11760\" class=\"elementor elementor-11760\" data-elementor-post-type=\"page\">\n\t\t\t\t\t\t<section class=\"elementor-section elementor-top-section elementor-element elementor-element-715b8cb elementor-section-stretched elementor-section-boxed elementor-section-height-default elementor-section-height-default\" data-id=\"715b8cb\" data-element_type=\"section\" data-settings=\"{&quot;stretch_section&quot;:&quot;section-stretched&quot;,&quot;background_background&quot;:&quot;classic&quot;}\">\n\t\t\t\t\t\t\t<div class=\"elementor-background-overlay\"><\/div>\n\t\t\t\t\t\t\t<div class=\"elementor-container elementor-column-gap-default\">\n\t\t\t\t\t<div class=\"elementor-column elementor-col-100 elementor-top-column elementor-element elementor-element-153b158\" data-id=\"153b158\" data-element_type=\"column\">\n\t\t\t<div class=\"elementor-widget-wrap elementor-element-populated\">\n\t\t\t\t\t\t<div class=\"elementor-element elementor-element-ffd32d3 elementor-widget elementor-widget-heading\" data-id=\"ffd32d3\" data-element_type=\"widget\" data-widget_type=\"heading.default\">\n\t\t\t\t<div class=\"elementor-widget-container\">\n\t\t\t\t\t<h2 class=\"elementor-heading-title elementor-size-default\">Galerie photo<\/h2>\t\t\t\t<\/div>\n\t\t\t\t<\/div>\n\t\t\t\t\t<\/div>\n\t\t<\/div>\n\t\t\t\t\t<\/div>\n\t\t<\/section>\n\t\t\t\t<section class=\"elementor-section elementor-top-section elementor-element elementor-element-36604dd elementor-section-boxed elementor-section-height-default elementor-section-height-default\" data-id=\"36604dd\" data-element_type=\"section\">\n\t\t\t\t\t\t<div class=\"elementor-container elementor-column-gap-default\">\n\t\t\t\t\t<div class=\"elementor-column elementor-col-100 elementor-top-column elementor-element elementor-element-2473ab8\" data-id=\"2473ab8\" data-element_type=\"column\">\n\t\t\t<div class=\"elementor-widget-wrap elementor-element-populated\">\n\t\t\t\t\t\t<div class=\"elementor-element elementor-element-f465013 elementor-widget elementor-widget-shortcode\" data-id=\"f465013\" data-element_type=\"widget\" data-widget_type=\"shortcode.default\">\n\t\t\t\t<div class=\"elementor-widget-container\">\n\t\t\t\t\t\t\t<div class=\"elementor-shortcode\"><\/div>\n\t\t\t\t\t\t<\/div>\n\t\t\t\t<\/div>\n\t\t\t\t\t<\/div>\n\t\t<\/div>\n\t\t\t\t\t<\/div>\n\t\t<\/section>\n\t\t\t\t<\/div>\n\t\t","protected":false},"excerpt":{"rendered":"<p>Galerie photo<\/p>\n","protected":false},"author":4,"featured_media":0,"parent":0,"menu_order":0,"comment_status":"closed","ping_status":"closed","template":"","meta":{"footnotes":""},"class_list":["post-11760","page","type-page","status-publish"],"yoast_head":"<!-- This site is optimized with the Yoast SEO plugin v26.8 - https:\/\/yoast.com\/product\/yoast-seo-wordpress\/ -->\n<title>Galerie Photo - Iyafp.net<\/title>\n<meta name=\"description\" content=\"Galerie photo\" \/>\n<meta name=\"robots\" content=\"index, follow, max-snippet:-1, max-image-preview:large, max-video-preview:-1\" \/>\n<link rel=\"canonical\" href=\"https:\/\/iyafp.net\/index.php\/galerie-photo\/\" \/>\n<script type=\"application\/ld+json\" class=\"yoast-schema-graph\">{\"@context\":\"https:\/\/schema.org\",\"@graph\":[{\"@type\":\"WebPage\",\"@id\":\"https:\/\/iyafp.net\/index.php\/galerie-photo\/\",\"url\":\"https:\/\/iyafp.net\/index.php\/galerie-photo\/\",\"name\":\"Galerie Photo - Iyafp.net\",\"isPartOf\":{\"@id\":\"https:\/\/iyafp.net\/#website\"},\"datePublished\":\"2023-03-15T16:26:27+00:00\",\"dateModified\":\"2025-03-01T13:47:08+00:00\",\"description\":\"Galerie photo\",\"breadcrumb\":{\"@id\":\"https:\/\/iyafp.net\/index.php\/galerie-photo\/#breadcrumb\"},\"inLanguage\":\"fr-FR\",\"potentialAction\":[{\"@type\":\"ReadAction\",\"target\":[\"https:\/\/iyafp.net\/index.php\/galerie-photo\/\"]}]},{\"@type\":\"BreadcrumbList\",\"@id\":\"https:\/\/iyafp.net\/index.php\/galerie-photo\/#breadcrumb\",\"itemListElement\":[{\"@type\":\"ListItem\",\"position\":1,\"name\":\"Accueil\",\"item\":\"https:\/\/iyafp.net\/\"},{\"@type\":\"ListItem\",\"position\":2,\"name\":\"Galerie Photo\"}]},{\"@type\":\"WebSite\",\"@id\":\"https:\/\/iyafp.net\/#website\",\"url\":\"https:\/\/iyafp.net\/\",\"name\":\"IYAFP\",\"description\":\"Libert\u00e9 de choix et de d\u00e9cision en Sant\u00e9 Sexuelle et reproductive sans discrimination\",\"publisher\":{\"@id\":\"https:\/\/iyafp.net\/#organization\"},\"potentialAction\":[{\"@type\":\"SearchAction\",\"target\":{\"@type\":\"EntryPoint\",\"urlTemplate\":\"https:\/\/iyafp.net\/?s={search_term_string}\"},\"query-input\":{\"@type\":\"PropertyValueSpecification\",\"valueRequired\":true,\"valueName\":\"search_term_string\"}}],\"inLanguage\":\"fr-FR\"},{\"@type\":\"Organization\",\"@id\":\"https:\/\/iyafp.net\/#organization\",\"name\":\"IYAFP\",\"url\":\"https:\/\/iyafp.net\/\",\"logo\":{\"@type\":\"ImageObject\",\"inLanguage\":\"fr-FR\",\"@id\":\"https:\/\/iyafp.net\/#\/schema\/logo\/image\/\",\"url\":\"https:\/\/iyafp.net\/wp-content\/uploads\/2023\/03\/LOGO-IYAFP-RDC.png\",\"contentUrl\":\"https:\/\/iyafp.net\/wp-content\/uploads\/2023\/03\/LOGO-IYAFP-RDC.png\",\"width\":1768,\"height\":908,\"caption\":\"IYAFP\"},\"image\":{\"@id\":\"https:\/\/iyafp.net\/#\/schema\/logo\/image\/\"},\"sameAs\":[\"https:\/\/web.facebook.com\/IYAFPofficiel\",\"https:\/\/x.com\/IYAFP1\",\"https:\/\/www.linkedin.com\/company\/iyafprdc\/\",\"https:\/\/www.youtube.com\/@iyafprdc\",\"https:\/\/www.tiktok.com\/@iyafprd\"]}]}<\/script>\n<!-- \/ Yoast SEO plugin. -->","yoast_head_json":{"title":"Galerie Photo - Iyafp.net","description":"Galerie photo","robots":{"index":"index","follow":"follow","max-snippet":"max-snippet:-1","max-image-preview":"max-image-preview:large","max-video-preview":"max-video-preview:-1"},"canonical":"https:\/\/iyafp.net\/index.php\/galerie-photo\/","schema":{"@context":"https:\/\/schema.org","@graph":[{"@type":"WebPage","@id":"https:\/\/iyafp.net\/index.php\/galerie-photo\/","url":"https:\/\/iyafp.net\/index.php\/galerie-photo\/","name":"Galerie Photo - Iyafp.net","isPartOf":{"@id":"https:\/\/iyafp.net\/#website"},"datePublished":"2023-03-15T16:26:27+00:00","dateModified":"2025-03-01T13:47:08+00:00","description":"Galerie photo","breadcrumb":{"@id":"https:\/\/iyafp.net\/index.php\/galerie-photo\/#breadcrumb"},"inLanguage":"fr-FR","potentialAction":[{"@type":"ReadAction","target":["https:\/\/iyafp.net\/index.php\/galerie-photo\/"]}]},{"@type":"BreadcrumbList","@id":"https:\/\/iyafp.net\/index.php\/galerie-photo\/#breadcrumb","itemListElement":[{"@type":"ListItem","position":1,"name":"Accueil","item":"https:\/\/iyafp.net\/"},{"@type":"ListItem","position":2,"name":"Galerie Photo"}]},{"@type":"WebSite","@id":"https:\/\/iyafp.net\/#website","url":"https:\/\/iyafp.net\/","name":"IYAFP","description":"Libert\u00e9 de choix et de d\u00e9cision en Sant\u00e9 Sexuelle et reproductive sans discrimination","publisher":{"@id":"https:\/\/iyafp.net\/#organization"},"potentialAction":[{"@type":"SearchAction","target":{"@type":"EntryPoint","urlTemplate":"https:\/\/iyafp.net\/?s={search_term_string}"},"query-input":{"@type":"PropertyValueSpecification","valueRequired":true,"valueName":"search_term_string"}}],"inLanguage":"fr-FR"},{"@type":"Organization","@id":"https:\/\/iyafp.net\/#organization","name":"IYAFP","url":"https:\/\/iyafp.net\/","logo":{"@type":"ImageObject","inLanguage":"fr-FR","@id":"https:\/\/iyafp.net\/#\/schema\/logo\/image\/","url":"https:\/\/iyafp.net\/wp-content\/uploads\/2023\/03\/LOGO-IYAFP-RDC.png","contentUrl":"https:\/\/iyafp.net\/wp-content\/uploads\/2023\/03\/LOGO-IYAFP-RDC.png","width":1768,"height":908,"caption":"IYAFP"},"image":{"@id":"https:\/\/iyafp.net\/#\/schema\/logo\/image\/"},"sameAs":["https:\/\/web.facebook.com\/IYAFPofficiel","https:\/\/x.com\/IYAFP1","https:\/\/www.linkedin.com\/company\/iyafprdc\/","https:\/\/www.youtube.com\/@iyafprdc","https:\/\/www.tiktok.com\/@iyafprd"]}]}},"_links":{"self":[{"href":"https:\/\/iyafp.net\/index.php\/wp-json\/wp\/v2\/pages\/11760","targetHints":{"allow":["GET"]}}],"collection":[{"href":"https:\/\/iyafp.net\/index.php\/wp-json\/wp\/v2\/pages"}],"about":[{"href":"https:\/\/iyafp.net\/index.php\/wp-json\/wp\/v2\/types\/page"}],"author":[{"embeddable":true,"href":"https:\/\/iyafp.net\/index.php\/wp-json\/wp\/v2\/users\/4"}],"replies":[{"embeddable":true,"href":"https:\/\/iyafp.net\/index.php\/wp-json\/wp\/v2\/comments?post=11760"}],"version-history":[{"count":3,"href":"https:\/\/iyafp.net\/index.php\/wp-json\/wp\/v2\/pages\/11760\/revisions"}],"predecessor-version":[{"id":14190,"href":"https:\/\/iyafp.net\/index.php\/wp-json\/wp\/v2\/pages\/11760\/revisions\/14190"}],"wp:attachment":[{"href":"https:\/\/iyafp.net\/index.php\/wp-json\/wp\/v2\/media?parent=11760"}],"curies":[{"name":"wp","href":"https:\/\/api.w.org\/{rel}","templated":true}]}}