{"id":12236,"date":"2023-03-17T16:44:51","date_gmt":"2023-03-17T16:44:51","guid":{"rendered":"https:\/\/iyafp.net\/?page_id=12236"},"modified":"2025-03-01T13:47:58","modified_gmt":"2025-03-01T13:47:58","slug":"videos","status":"publish","type":"page","link":"https:\/\/iyafp.net\/index.php\/videos\/","title":{"rendered":"Vid\u00e9os"},"content":{"rendered":"\t\t<div data-elementor-type=\"wp-page\" data-elementor-id=\"12236\" class=\"elementor elementor-12236\" data-elementor-post-type=\"page\">\n\t\t\t\t\t\t<section class=\"elementor-section elementor-top-section elementor-element elementor-element-9fff9e0 elementor-section-stretched elementor-section-boxed elementor-section-height-default elementor-section-height-default\" data-id=\"9fff9e0\" data-element_type=\"section\" data-settings=\"{&quot;stretch_section&quot;:&quot;section-stretched&quot;,&quot;background_background&quot;:&quot;classic&quot;}\">\n\t\t\t\t\t\t\t<div class=\"elementor-background-overlay\"><\/div>\n\t\t\t\t\t\t\t<div class=\"elementor-container elementor-column-gap-default\">\n\t\t\t\t\t<div class=\"elementor-column elementor-col-100 elementor-top-column elementor-element elementor-element-3a747a7\" data-id=\"3a747a7\" data-element_type=\"column\">\n\t\t\t<div class=\"elementor-widget-wrap elementor-element-populated\">\n\t\t\t\t\t\t<div class=\"elementor-element elementor-element-8076e44 elementor-widget elementor-widget-heading\" data-id=\"8076e44\" data-element_type=\"widget\" data-widget_type=\"heading.default\">\n\t\t\t\t<div class=\"elementor-widget-container\">\n\t\t\t\t\t<h2 class=\"elementor-heading-title elementor-size-default\">Nos vid\u00e9os<\/h2>\t\t\t\t<\/div>\n\t\t\t\t<\/div>\n\t\t\t\t\t<\/div>\n\t\t<\/div>\n\t\t\t\t\t<\/div>\n\t\t<\/section>\n\t\t\t\t<section class=\"elementor-section elementor-top-section elementor-element elementor-element-36604dd elementor-section-boxed elementor-section-height-default elementor-section-height-default\" data-id=\"36604dd\" data-element_type=\"section\">\n\t\t\t\t\t\t<div class=\"elementor-container elementor-column-gap-default\">\n\t\t\t\t\t<div class=\"elementor-column elementor-col-100 elementor-top-column elementor-element elementor-element-2473ab8\" data-id=\"2473ab8\" data-element_type=\"column\">\n\t\t\t<div class=\"elementor-widget-wrap elementor-element-populated\">\n\t\t\t\t\t\t<div class=\"elementor-element elementor-element-f465013 elementor-widget elementor-widget-shortcode\" data-id=\"f465013\" data-element_type=\"widget\" data-widget_type=\"shortcode.default\">\n\t\t\t\t<div class=\"elementor-widget-container\">\n\t\t\t\t\t\t\t<div class=\"elementor-shortcode\">\t\t\t<div \n\t\t\tclass=\"yotu-playlist yotuwp yotu-limit-min   yotu-thumb-169  yotu-template-grid\" \n\t\t\tdata-page=\"1\"\n\t\t\tid=\"yotuwp-69ece94b61dcd\"\n\t\t\tdata-yotu=\"69ece94bab668\"\n\t\t\tdata-total=\"2\"\n\t\t\tdata-settings=\"eyJ0eXBlIjoicGxheWxpc3QiLCJpZCI6IlVVeTVaMHRERmpQVkZzTVZUTFlrbXNSQSIsInBhZ2luYXRpb24iOiJvbiIsInBhZ2l0eXBlIjoicGFnZXIiLCJjb2x1bW4iOiIzIiwicGVyX3BhZ2UiOiIxMiIsInRlbXBsYXRlIjoiZ3JpZCIsInRpdGxlIjoib24iLCJkZXNjcmlwdGlvbiI6Im9uIiwidGh1bWJyYXRpbyI6IjE2OSIsIm1ldGEiOiJvZmYiLCJtZXRhX2RhdGEiOiJvZmYiLCJtZXRhX3Bvc2l0aW9uIjoib2ZmIiwiZGF0ZV9mb3JtYXQiOiJvZmYiLCJtZXRhX2FsaWduIjoib2ZmIiwic3Vic2NyaWJlIjoib2ZmIiwiZHVyYXRpb24iOiJvZmYiLCJtZXRhX2ljb24iOiJvZmYiLCJuZXh0dGV4dCI6IiIsInByZXZ0ZXh0IjoiIiwibG9hZG1vcmV0ZXh0IjoiIiwicGxheWVyIjp7Im1vZGUiOiJsYXJnZSIsIndpZHRoIjoiNjAwIiwic2Nyb2xsaW5nIjoiMTAwIiwiYXV0b3BsYXkiOjAsImNvbnRyb2xzIjoxLCJtb2Rlc3RicmFuZGluZyI6MSwibG9vcCI6MCwiYXV0b25leHQiOjAsInNob3dpbmZvIjoxLCJyZWwiOjEsInBsYXlpbmciOjAsInBsYXlpbmdfZGVzY3JpcHRpb24iOjAsInRodW1ibmFpbHMiOjAsImNjX2xvYWRfcG9saWN5IjoiMSIsImNjX2xhbmdfcHJlZiI6IjEiLCJobCI6IiIsIml2X2xvYWRfcG9saWN5IjoiMSJ9LCJsYXN0X3RhYiI6InN0eWxpbmciLCJ1c2VfYXNfbW9kYWwiOiJvZmYiLCJtb2RhbF9pZCI6Im9mZiIsImxhc3RfdXBkYXRlIjoiMTY4Mjk0ODA3MSIsInN0eWxpbmciOnsicGFnZXJfbGF5b3V0IjoiY2VudGVyX25vX3RleHQiLCJidXR0b24iOiI0IiwiYnV0dG9uX2NvbG9yIjoiIiwiYnV0dG9uX2JnX2NvbG9yIjoiIiwiYnV0dG9uX2NvbG9yX2hvdmVyIjoiIiwiYnV0dG9uX2JnX2NvbG9yX2hvdmVyIjoiIiwidmlkZW9fc3R5bGUiOiJncGx1cyIsInBsYXlpY29uX2NvbG9yIjoiIiwiaG92ZXJfaWNvbiI6IiIsImdhbGxlcnlfYmciOiIifSwiZWZmZWN0cyI6eyJ2aWRlb19ib3giOiJ5dGVmLWZsb2F0IiwiZmxpcF9lZmZlY3QiOiIifSwiZ2FsbGVyeV9pZCI6IjY5ZWNlOTRiNjFkY2QiLCJuZXh0IjoiRUFBYUhsQlVPa05CZDJsRlJGWkhUbFJSTlU1VlNrSlBSVTB4VWxSQ1JFMUZUUSIsInByZXYiOiIifQ==\"\n\t\t\tdata-player=\"large\"\n\t\t\tdata-showdesc=\"on\" >\n\t\t\t\t<div>\n\t\t\t\t\t\t\t\t\t\t<div class=\"yotu-wrapper-player\" style=\"width:600px\">\n\t\t\t\t\t\t\t\t\t\t\t\t<div class=\"yotu-player\">\n\t\t\t\t\t\t\t<div class=\"yotu-video-placeholder\" id=\"yotu-player-69ece94bab668\"><\/div>\n\t\t\t\t\t\t<\/div>\n\t\t\t\t\t\t<div class=\"yotu-playing-status\"><\/div>\n\t\t\t\t\t\t\t\t\t\t\t<\/div>\n\n\t\t\t\t\t<div class=\"yotu-pagination yotu-pager_layout-center_no_text yotu-pagination-top\">\n<a href=\"#\" class=\"yotu-pagination-prev yotu-button-prs yotu-button-prs-4\" data-page=\"prev\">Prev<\/a>\n<span class=\"yotu-pagination-current\">1<\/span> <span>of<\/span> <span class=\"yotu-pagination-total\">2<\/span>\n<a href=\"#\" class=\"yotu-pagination-next yotu-button-prs yotu-button-prs-4\" data-page=\"next\">Next<\/a>\n<\/div>\n<div class=\"yotu-videos yotu-mode-grid yotu-preset yotu-preset-gplus yotu-column-3 yotu-player-mode-large\">\n\t<ul>\n\t\t\t\t\t<li class=\" yotu-first\">\n\t\t\t\t\t\t\t\t<a href=\"#SD3nOR-O0xI\" class=\"yotu-video ytef-float\" data-videoid=\"SD3nOR-O0xI\" data-title=\"Sensibilisation des \u00e9tudiants de ULK sur la sant\u00e9 et la r\u00e9production\/Plannification familiale\" title=\"Sensibilisation des \u00e9tudiants de ULK sur la sant\u00e9 et la r\u00e9production\/Plannification familiale\">\n\t\t\t\t\t<div class=\"yotu-video-thumb-wrp\">\n\t\t\t\t\t\t<div>\n\t\t\t\t\t\t\t\t\t\t\t\t\t\t<img decoding=\"async\" class=\"yotu-video-thumb\" src=\"https:\/\/i.ytimg.com\/vi\/SD3nOR-O0xI\/sddefault.jpg\" alt=\"Sensibilisation des \u00e9tudiants de ULK sur la sant\u00e9 et la r\u00e9production\/Plannification familiale\">\t\n\t\t\t\t\t\t\t\t\t\t\t\t\t<\/div>\n\t\t\t\t\t<\/div>\n\t\t\t\t\t\t\t\t\t\t\t<h3 class=\"yotu-video-title\">Sensibilisation des \u00e9tudiants de ULK sur la sant\u00e9 et la r\u00e9production\/Plannification familiale<\/h3>\n\t\t\t\t\t\t\t\t\t\t\t\t\t\t\t\t\t\t\t\t\t<div class=\"yotu-video-description\"><\/div>\n\t\t\t\t\t\t\t\t\t<\/a>\n\t\t\t\t\t\t\t<\/li>\n\t\t\t\t\n\t\t\t\t\t\t<li class=\"\">\n\t\t\t\t\t\t\t\t<a href=\"#rLJQ-RVmBsg\" class=\"yotu-video ytef-float\" data-videoid=\"rLJQ-RVmBsg\" data-title=\"Sensibilisation des \u00e9tudiants de ULK sur la sant\u00e9 et la r\u00e9production\/Plannification familiale\" title=\"Sensibilisation des \u00e9tudiants de ULK sur la sant\u00e9 et la r\u00e9production\/Plannification familiale\">\n\t\t\t\t\t<div class=\"yotu-video-thumb-wrp\">\n\t\t\t\t\t\t<div>\n\t\t\t\t\t\t\t\t\t\t\t\t\t\t<img decoding=\"async\" class=\"yotu-video-thumb\" src=\"https:\/\/i.ytimg.com\/vi\/rLJQ-RVmBsg\/sddefault.jpg\" alt=\"Sensibilisation des \u00e9tudiants de ULK sur la sant\u00e9 et la r\u00e9production\/Plannification familiale\">\t\n\t\t\t\t\t\t\t\t\t\t\t\t\t<\/div>\n\t\t\t\t\t<\/div>\n\t\t\t\t\t\t\t\t\t\t\t<h3 class=\"yotu-video-title\">Sensibilisation des \u00e9tudiants de ULK sur la sant\u00e9 et la r\u00e9production\/Plannification familiale<\/h3>\n\t\t\t\t\t\t\t\t\t\t\t\t\t\t\t\t\t\t\t\t\t<div class=\"yotu-video-description\"><\/div>\n\t\t\t\t\t\t\t\t\t<\/a>\n\t\t\t\t\t\t\t<\/li>\n\t\t\t\t\n\t\t\t\t\t\t<li class=\"\">\n\t\t\t\t\t\t\t\t<a href=\"#ct7qFo5DfWQ\" class=\"yotu-video ytef-float\" data-videoid=\"ct7qFo5DfWQ\" data-title=\"Sensibisation des femmes et jeunes filles sur le DSSR \u00e0 Bongayasa, Province de Kwilu\" title=\"Sensibisation des femmes et jeunes filles sur le DSSR \u00e0 Bongayasa, Province de Kwilu\">\n\t\t\t\t\t<div class=\"yotu-video-thumb-wrp\">\n\t\t\t\t\t\t<div>\n\t\t\t\t\t\t\t\t\t\t\t\t\t\t<img decoding=\"async\" class=\"yotu-video-thumb\" src=\"https:\/\/i.ytimg.com\/vi\/ct7qFo5DfWQ\/sddefault.jpg\" alt=\"Sensibisation des femmes et jeunes filles sur le DSSR \u00e0 Bongayasa, Province de Kwilu\">\t\n\t\t\t\t\t\t\t\t\t\t\t\t\t<\/div>\n\t\t\t\t\t<\/div>\n\t\t\t\t\t\t\t\t\t\t\t<h3 class=\"yotu-video-title\">Sensibisation des femmes et jeunes filles sur le DSSR \u00e0 Bongayasa, Province de Kwilu<\/h3>\n\t\t\t\t\t\t\t\t\t\t\t\t\t\t\t\t\t\t\t\t\t<div class=\"yotu-video-description\"><\/div>\n\t\t\t\t\t\t\t\t\t<\/a>\n\t\t\t\t\t\t\t<\/li>\n\t\t\t\t\n\t\t\t\t\t\t<li class=\"\">\n\t\t\t\t\t\t\t\t<a href=\"#avZ69DR5Rtw\" class=\"yotu-video ytef-float\" data-videoid=\"avZ69DR5Rtw\" data-title=\"Sensibisation des femmes et jeunes filles sur le DSSR \u00e0 Bongayasa, Province de Kwilu\" title=\"Sensibisation des femmes et jeunes filles sur le DSSR \u00e0 Bongayasa, Province de Kwilu\">\n\t\t\t\t\t<div class=\"yotu-video-thumb-wrp\">\n\t\t\t\t\t\t<div>\n\t\t\t\t\t\t\t\t\t\t\t\t\t\t<img decoding=\"async\" class=\"yotu-video-thumb\" src=\"https:\/\/i.ytimg.com\/vi\/avZ69DR5Rtw\/sddefault.jpg\" alt=\"Sensibisation des femmes et jeunes filles sur le DSSR \u00e0 Bongayasa, Province de Kwilu\">\t\n\t\t\t\t\t\t\t\t\t\t\t\t\t<\/div>\n\t\t\t\t\t<\/div>\n\t\t\t\t\t\t\t\t\t\t\t<h3 class=\"yotu-video-title\">Sensibisation des femmes et jeunes filles sur le DSSR \u00e0 Bongayasa, Province de Kwilu<\/h3>\n\t\t\t\t\t\t\t\t\t\t\t\t\t\t\t\t\t\t\t\t\t<div class=\"yotu-video-description\"><\/div>\n\t\t\t\t\t\t\t\t\t<\/a>\n\t\t\t\t\t\t\t<\/li>\n\t\t\t\t\n\t\t\t\t\t\t<li class=\"\">\n\t\t\t\t\t\t\t\t<a href=\"#l_37lyF9BUc\" class=\"yotu-video ytef-float\" data-videoid=\"l_37lyF9BUc\" data-title=\"Vulgarisation des documents normatifs et reglementaires sur la sant\u00e9 de la r\u00e9production (PM, AOC)\" title=\"Vulgarisation des documents normatifs et reglementaires sur la sant\u00e9 de la r\u00e9production (PM, AOC)\">\n\t\t\t\t\t<div class=\"yotu-video-thumb-wrp\">\n\t\t\t\t\t\t<div>\n\t\t\t\t\t\t\t\t\t\t\t\t\t\t<img decoding=\"async\" class=\"yotu-video-thumb\" src=\"https:\/\/i.ytimg.com\/vi\/l_37lyF9BUc\/sddefault.jpg\" alt=\"Vulgarisation des documents normatifs et reglementaires sur la sant\u00e9 de la r\u00e9production (PM, AOC)\">\t\n\t\t\t\t\t\t\t\t\t\t\t\t\t<\/div>\n\t\t\t\t\t<\/div>\n\t\t\t\t\t\t\t\t\t\t\t<h3 class=\"yotu-video-title\">Vulgarisation des documents normatifs et reglementaires sur la sant\u00e9 de la r\u00e9production (PM, AOC)<\/h3>\n\t\t\t\t\t\t\t\t\t\t\t\t\t\t\t\t\t\t\t\t\t<div class=\"yotu-video-description\"><\/div>\n\t\t\t\t\t\t\t\t\t<\/a>\n\t\t\t\t\t\t\t<\/li>\n\t\t\t\t\n\t\t\t\t\t\t<li class=\"\">\n\t\t\t\t\t\t\t\t<a href=\"#Kg0tDmFdEdA\" class=\"yotu-video ytef-float\" data-videoid=\"Kg0tDmFdEdA\" data-title=\"Sensibilisation des femmes et jeunes filles sur le DSSR \u00e0 BONGAYASA, Province de Kwilu RDC\" title=\"Sensibilisation des femmes et jeunes filles sur le DSSR \u00e0 BONGAYASA, Province de Kwilu RDC\">\n\t\t\t\t\t<div class=\"yotu-video-thumb-wrp\">\n\t\t\t\t\t\t<div>\n\t\t\t\t\t\t\t\t\t\t\t\t\t\t<img decoding=\"async\" class=\"yotu-video-thumb\" src=\"https:\/\/i.ytimg.com\/vi\/Kg0tDmFdEdA\/sddefault.jpg\" alt=\"Sensibilisation des femmes et jeunes filles sur le DSSR \u00e0 BONGAYASA, Province de Kwilu RDC\">\t\n\t\t\t\t\t\t\t\t\t\t\t\t\t<\/div>\n\t\t\t\t\t<\/div>\n\t\t\t\t\t\t\t\t\t\t\t<h3 class=\"yotu-video-title\">Sensibilisation des femmes et jeunes filles sur le DSSR \u00e0 BONGAYASA, Province de Kwilu RDC<\/h3>\n\t\t\t\t\t\t\t\t\t\t\t\t\t\t\t\t\t\t\t\t\t<div class=\"yotu-video-description\"><\/div>\n\t\t\t\t\t\t\t\t\t<\/a>\n\t\t\t\t\t\t\t<\/li>\n\t\t\t\t\n\t\t\t\t\t\t<li class=\"\">\n\t\t\t\t\t\t\t\t<a href=\"#gh-pyBKCHQE\" class=\"yotu-video ytef-float\" data-videoid=\"gh-pyBKCHQE\" data-title=\"Sensibilisation des \u00e9l\u00e8ves sur le droit d\\&#039;acc\u00e8s aux services de sant\u00e9 de la r\u00e9poduction\" title=\"Sensibilisation des \u00e9l\u00e8ves sur le droit d&#039;acc\u00e8s aux services de sant\u00e9 de la r\u00e9poduction\">\n\t\t\t\t\t<div class=\"yotu-video-thumb-wrp\">\n\t\t\t\t\t\t<div>\n\t\t\t\t\t\t\t\t\t\t\t\t\t\t<img decoding=\"async\" class=\"yotu-video-thumb\" src=\"https:\/\/i.ytimg.com\/vi\/gh-pyBKCHQE\/sddefault.jpg\" alt=\"Sensibilisation des \u00e9l\u00e8ves sur le droit d&#039;acc\u00e8s aux services de sant\u00e9 de la r\u00e9poduction\">\t\n\t\t\t\t\t\t\t\t\t\t\t\t\t<\/div>\n\t\t\t\t\t<\/div>\n\t\t\t\t\t\t\t\t\t\t\t<h3 class=\"yotu-video-title\">Sensibilisation des \u00e9l\u00e8ves sur le droit d'acc\u00e8s aux services de sant\u00e9 de la r\u00e9poduction<\/h3>\n\t\t\t\t\t\t\t\t\t\t\t\t\t\t\t\t\t\t\t\t\t<div class=\"yotu-video-description\"><\/div>\n\t\t\t\t\t\t\t\t\t<\/a>\n\t\t\t\t\t\t\t<\/li>\n\t\t\t\t\n\t\t\t\t\t\t<li class=\"\">\n\t\t\t\t\t\t\t\t<a href=\"#zcvk2TsSVOo\" class=\"yotu-video ytef-float\" data-videoid=\"zcvk2TsSVOo\" data-title=\"Sensibilisation des albinos sur le droit d\\&#039;acc\u00e8s aux services de sant\u00e9 de la r\u00e9poduction\" title=\"Sensibilisation des albinos sur le droit d&#039;acc\u00e8s aux services de sant\u00e9 de la r\u00e9poduction\">\n\t\t\t\t\t<div class=\"yotu-video-thumb-wrp\">\n\t\t\t\t\t\t<div>\n\t\t\t\t\t\t\t\t\t\t\t\t\t\t<img decoding=\"async\" class=\"yotu-video-thumb\" src=\"https:\/\/i.ytimg.com\/vi\/zcvk2TsSVOo\/sddefault.jpg\" alt=\"Sensibilisation des albinos sur le droit d&#039;acc\u00e8s aux services de sant\u00e9 de la r\u00e9poduction\">\t\n\t\t\t\t\t\t\t\t\t\t\t\t\t<\/div>\n\t\t\t\t\t<\/div>\n\t\t\t\t\t\t\t\t\t\t\t<h3 class=\"yotu-video-title\">Sensibilisation des albinos sur le droit d'acc\u00e8s aux services de sant\u00e9 de la r\u00e9poduction<\/h3>\n\t\t\t\t\t\t\t\t\t\t\t\t\t\t\t\t\t\t\t\t\t<div class=\"yotu-video-description\"><\/div>\n\t\t\t\t\t\t\t\t\t<\/a>\n\t\t\t\t\t\t\t<\/li>\n\t\t\t\t\n\t\t\t\t\t\t<li class=\"\">\n\t\t\t\t\t\t\t\t<a href=\"#yyeGNKlm4ys\" class=\"yotu-video ytef-float\" data-videoid=\"yyeGNKlm4ys\" data-title=\"Vulgarisation des documents normatifs et reglementaires sur la sant\u00e9 de la r\u00e9production (PM, AOC)\" title=\"Vulgarisation des documents normatifs et reglementaires sur la sant\u00e9 de la r\u00e9production (PM, AOC)\">\n\t\t\t\t\t<div class=\"yotu-video-thumb-wrp\">\n\t\t\t\t\t\t<div>\n\t\t\t\t\t\t\t\t\t\t\t\t\t\t<img decoding=\"async\" class=\"yotu-video-thumb\" src=\"https:\/\/i.ytimg.com\/vi\/yyeGNKlm4ys\/sddefault.jpg\" alt=\"Vulgarisation des documents normatifs et reglementaires sur la sant\u00e9 de la r\u00e9production (PM, AOC)\">\t\n\t\t\t\t\t\t\t\t\t\t\t\t\t<\/div>\n\t\t\t\t\t<\/div>\n\t\t\t\t\t\t\t\t\t\t\t<h3 class=\"yotu-video-title\">Vulgarisation des documents normatifs et reglementaires sur la sant\u00e9 de la r\u00e9production (PM, AOC)<\/h3>\n\t\t\t\t\t\t\t\t\t\t\t\t\t\t\t\t\t\t\t\t\t<div class=\"yotu-video-description\"><\/div>\n\t\t\t\t\t\t\t\t\t<\/a>\n\t\t\t\t\t\t\t<\/li>\n\t\t\t\t\n\t\t\t\t\t\t<li class=\"\">\n\t\t\t\t\t\t\t\t<a href=\"#OkgnRM7kBrw\" class=\"yotu-video ytef-float\" data-videoid=\"OkgnRM7kBrw\" data-title=\"Vulgarisation des documents normatifs et reglementaires sur la sant\u00e9 de la r\u00e9production (PM, AOC)\" title=\"Vulgarisation des documents normatifs et reglementaires sur la sant\u00e9 de la r\u00e9production (PM, AOC)\">\n\t\t\t\t\t<div class=\"yotu-video-thumb-wrp\">\n\t\t\t\t\t\t<div>\n\t\t\t\t\t\t\t\t\t\t\t\t\t\t<img decoding=\"async\" class=\"yotu-video-thumb\" src=\"https:\/\/i.ytimg.com\/vi\/OkgnRM7kBrw\/sddefault.jpg\" alt=\"Vulgarisation des documents normatifs et reglementaires sur la sant\u00e9 de la r\u00e9production (PM, AOC)\">\t\n\t\t\t\t\t\t\t\t\t\t\t\t\t<\/div>\n\t\t\t\t\t<\/div>\n\t\t\t\t\t\t\t\t\t\t\t<h3 class=\"yotu-video-title\">Vulgarisation des documents normatifs et reglementaires sur la sant\u00e9 de la r\u00e9production (PM, AOC)<\/h3>\n\t\t\t\t\t\t\t\t\t\t\t\t\t\t\t\t\t\t\t\t\t<div class=\"yotu-video-description\"><\/div>\n\t\t\t\t\t\t\t\t\t<\/a>\n\t\t\t\t\t\t\t<\/li>\n\t\t\t\t\n\t\t\t\t\t\t<li class=\"\">\n\t\t\t\t\t\t\t\t<a href=\"#vJxGbBxwNPk\" class=\"yotu-video ytef-float\" data-videoid=\"vJxGbBxwNPk\" data-title=\"Vulgarisation des documents normatifs et reglementaires sur la sant\u00e9 de la r\u00e9production (PM, AOC)\" title=\"Vulgarisation des documents normatifs et reglementaires sur la sant\u00e9 de la r\u00e9production (PM, AOC)\">\n\t\t\t\t\t<div class=\"yotu-video-thumb-wrp\">\n\t\t\t\t\t\t<div>\n\t\t\t\t\t\t\t\t\t\t\t\t\t\t<img decoding=\"async\" class=\"yotu-video-thumb\" src=\"https:\/\/i.ytimg.com\/vi\/vJxGbBxwNPk\/sddefault.jpg\" alt=\"Vulgarisation des documents normatifs et reglementaires sur la sant\u00e9 de la r\u00e9production (PM, AOC)\">\t\n\t\t\t\t\t\t\t\t\t\t\t\t\t<\/div>\n\t\t\t\t\t<\/div>\n\t\t\t\t\t\t\t\t\t\t\t<h3 class=\"yotu-video-title\">Vulgarisation des documents normatifs et reglementaires sur la sant\u00e9 de la r\u00e9production (PM, AOC)<\/h3>\n\t\t\t\t\t\t\t\t\t\t\t\t\t\t\t\t\t\t\t\t\t<div class=\"yotu-video-description\"><\/div>\n\t\t\t\t\t\t\t\t\t<\/a>\n\t\t\t\t\t\t\t<\/li>\n\t\t\t\t\n\t\t\t\t\t\t<li class=\" yotu-last\">\n\t\t\t\t\t\t\t\t<a href=\"#bncBxEdD9Qw\" class=\"yotu-video ytef-float\" data-videoid=\"bncBxEdD9Qw\" data-title=\"Sensibilisation sur l\\&#039;environnement-changement climatique et sant\u00e9 de la r\u00e9production \u00e0 Kinshasa\" title=\"Sensibilisation sur l&#039;environnement-changement climatique et sant\u00e9 de la r\u00e9production \u00e0 Kinshasa\">\n\t\t\t\t\t<div class=\"yotu-video-thumb-wrp\">\n\t\t\t\t\t\t<div>\n\t\t\t\t\t\t\t\t\t\t\t\t\t\t<img decoding=\"async\" class=\"yotu-video-thumb\" src=\"https:\/\/i.ytimg.com\/vi\/bncBxEdD9Qw\/sddefault.jpg\" alt=\"Sensibilisation sur l&#039;environnement-changement climatique et sant\u00e9 de la r\u00e9production \u00e0 Kinshasa\">\t\n\t\t\t\t\t\t\t\t\t\t\t\t\t<\/div>\n\t\t\t\t\t<\/div>\n\t\t\t\t\t\t\t\t\t\t\t<h3 class=\"yotu-video-title\">Sensibilisation sur l'environnement-changement climatique et sant\u00e9 de la r\u00e9production \u00e0 Kinshasa<\/h3>\n\t\t\t\t\t\t\t\t\t\t\t\t\t\t\t\t\t\t\t\t\t<div class=\"yotu-video-description\"><\/div>\n\t\t\t\t\t\t\t\t\t<\/a>\n\t\t\t\t\t\t\t<\/li>\n\t\t\t\t\n\t\t\t\t<\/ul>\n<\/div><div class=\"yotu-pagination yotu-pager_layout-center_no_text yotu-pagination-bottom\">\n<a href=\"#\" class=\"yotu-pagination-prev yotu-button-prs yotu-button-prs-4\" data-page=\"prev\">Prev<\/a>\n<span class=\"yotu-pagination-current\">1<\/span> <span>of<\/span> <span class=\"yotu-pagination-total\">2<\/span>\n<a href=\"#\" class=\"yotu-pagination-next yotu-button-prs yotu-button-prs-4\" data-page=\"next\">Next<\/a>\n<\/div>\n\t\t\t\t<\/div>\n\t\t\t<\/div>\n\t\t\t<\/div>\n\t\t\t\t\t\t<\/div>\n\t\t\t\t<\/div>\n\t\t\t\t\t<\/div>\n\t\t<\/div>\n\t\t\t\t\t<\/div>\n\t\t<\/section>\n\t\t\t\t<\/div>\n\t\t","protected":false},"excerpt":{"rendered":"<p>Nos vid\u00e9os<\/p>\n","protected":false},"author":4,"featured_media":0,"parent":0,"menu_order":0,"comment_status":"closed","ping_status":"closed","template":"","meta":{"footnotes":""},"class_list":["post-12236","page","type-page","status-publish"],"yoast_head":"<!-- This site is optimized with the Yoast SEO plugin v26.8 - https:\/\/yoast.com\/product\/yoast-seo-wordpress\/ -->\n<title>Vid\u00e9os - Iyafp.net<\/title>\n<meta name=\"description\" content=\"Nos vid\u00e9os\" \/>\n<meta name=\"robots\" content=\"index, follow, max-snippet:-1, max-image-preview:large, max-video-preview:-1\" \/>\n<link rel=\"canonical\" href=\"https:\/\/iyafp.net\/index.php\/videos\/\" \/>\n<script type=\"application\/ld+json\" class=\"yoast-schema-graph\">{\"@context\":\"https:\/\/schema.org\",\"@graph\":[{\"@type\":\"WebPage\",\"@id\":\"https:\/\/iyafp.net\/index.php\/videos\/\",\"url\":\"https:\/\/iyafp.net\/index.php\/videos\/\",\"name\":\"Vid\u00e9os - Iyafp.net\",\"isPartOf\":{\"@id\":\"https:\/\/iyafp.net\/#website\"},\"datePublished\":\"2023-03-17T16:44:51+00:00\",\"dateModified\":\"2025-03-01T13:47:58+00:00\",\"description\":\"Nos vid\u00e9os\",\"breadcrumb\":{\"@id\":\"https:\/\/iyafp.net\/index.php\/videos\/#breadcrumb\"},\"inLanguage\":\"fr-FR\",\"potentialAction\":[{\"@type\":\"ReadAction\",\"target\":[\"https:\/\/iyafp.net\/index.php\/videos\/\"]}]},{\"@type\":\"BreadcrumbList\",\"@id\":\"https:\/\/iyafp.net\/index.php\/videos\/#breadcrumb\",\"itemListElement\":[{\"@type\":\"ListItem\",\"position\":1,\"name\":\"Accueil\",\"item\":\"https:\/\/iyafp.net\/\"},{\"@type\":\"ListItem\",\"position\":2,\"name\":\"Vid\u00e9os\"}]},{\"@type\":\"WebSite\",\"@id\":\"https:\/\/iyafp.net\/#website\",\"url\":\"https:\/\/iyafp.net\/\",\"name\":\"IYAFP\",\"description\":\"Libert\u00e9 de choix et de d\u00e9cision en Sant\u00e9 Sexuelle et reproductive sans discrimination\",\"publisher\":{\"@id\":\"https:\/\/iyafp.net\/#organization\"},\"potentialAction\":[{\"@type\":\"SearchAction\",\"target\":{\"@type\":\"EntryPoint\",\"urlTemplate\":\"https:\/\/iyafp.net\/?s={search_term_string}\"},\"query-input\":{\"@type\":\"PropertyValueSpecification\",\"valueRequired\":true,\"valueName\":\"search_term_string\"}}],\"inLanguage\":\"fr-FR\"},{\"@type\":\"Organization\",\"@id\":\"https:\/\/iyafp.net\/#organization\",\"name\":\"IYAFP\",\"url\":\"https:\/\/iyafp.net\/\",\"logo\":{\"@type\":\"ImageObject\",\"inLanguage\":\"fr-FR\",\"@id\":\"https:\/\/iyafp.net\/#\/schema\/logo\/image\/\",\"url\":\"https:\/\/iyafp.net\/wp-content\/uploads\/2023\/03\/LOGO-IYAFP-RDC.png\",\"contentUrl\":\"https:\/\/iyafp.net\/wp-content\/uploads\/2023\/03\/LOGO-IYAFP-RDC.png\",\"width\":1768,\"height\":908,\"caption\":\"IYAFP\"},\"image\":{\"@id\":\"https:\/\/iyafp.net\/#\/schema\/logo\/image\/\"},\"sameAs\":[\"https:\/\/web.facebook.com\/IYAFPofficiel\",\"https:\/\/x.com\/IYAFP1\",\"https:\/\/www.linkedin.com\/company\/iyafprdc\/\",\"https:\/\/www.youtube.com\/@iyafprdc\",\"https:\/\/www.tiktok.com\/@iyafprd\"]}]}<\/script>\n<!-- \/ Yoast SEO plugin. -->","yoast_head_json":{"title":"Vid\u00e9os - Iyafp.net","description":"Nos vid\u00e9os","robots":{"index":"index","follow":"follow","max-snippet":"max-snippet:-1","max-image-preview":"max-image-preview:large","max-video-preview":"max-video-preview:-1"},"canonical":"https:\/\/iyafp.net\/index.php\/videos\/","schema":{"@context":"https:\/\/schema.org","@graph":[{"@type":"WebPage","@id":"https:\/\/iyafp.net\/index.php\/videos\/","url":"https:\/\/iyafp.net\/index.php\/videos\/","name":"Vid\u00e9os - Iyafp.net","isPartOf":{"@id":"https:\/\/iyafp.net\/#website"},"datePublished":"2023-03-17T16:44:51+00:00","dateModified":"2025-03-01T13:47:58+00:00","description":"Nos vid\u00e9os","breadcrumb":{"@id":"https:\/\/iyafp.net\/index.php\/videos\/#breadcrumb"},"inLanguage":"fr-FR","potentialAction":[{"@type":"ReadAction","target":["https:\/\/iyafp.net\/index.php\/videos\/"]}]},{"@type":"BreadcrumbList","@id":"https:\/\/iyafp.net\/index.php\/videos\/#breadcrumb","itemListElement":[{"@type":"ListItem","position":1,"name":"Accueil","item":"https:\/\/iyafp.net\/"},{"@type":"ListItem","position":2,"name":"Vid\u00e9os"}]},{"@type":"WebSite","@id":"https:\/\/iyafp.net\/#website","url":"https:\/\/iyafp.net\/","name":"IYAFP","description":"Libert\u00e9 de choix et de d\u00e9cision en Sant\u00e9 Sexuelle et reproductive sans discrimination","publisher":{"@id":"https:\/\/iyafp.net\/#organization"},"potentialAction":[{"@type":"SearchAction","target":{"@type":"EntryPoint","urlTemplate":"https:\/\/iyafp.net\/?s={search_term_string}"},"query-input":{"@type":"PropertyValueSpecification","valueRequired":true,"valueName":"search_term_string"}}],"inLanguage":"fr-FR"},{"@type":"Organization","@id":"https:\/\/iyafp.net\/#organization","name":"IYAFP","url":"https:\/\/iyafp.net\/","logo":{"@type":"ImageObject","inLanguage":"fr-FR","@id":"https:\/\/iyafp.net\/#\/schema\/logo\/image\/","url":"https:\/\/iyafp.net\/wp-content\/uploads\/2023\/03\/LOGO-IYAFP-RDC.png","contentUrl":"https:\/\/iyafp.net\/wp-content\/uploads\/2023\/03\/LOGO-IYAFP-RDC.png","width":1768,"height":908,"caption":"IYAFP"},"image":{"@id":"https:\/\/iyafp.net\/#\/schema\/logo\/image\/"},"sameAs":["https:\/\/web.facebook.com\/IYAFPofficiel","https:\/\/x.com\/IYAFP1","https:\/\/www.linkedin.com\/company\/iyafprdc\/","https:\/\/www.youtube.com\/@iyafprdc","https:\/\/www.tiktok.com\/@iyafprd"]}]}},"_links":{"self":[{"href":"https:\/\/iyafp.net\/index.php\/wp-json\/wp\/v2\/pages\/12236","targetHints":{"allow":["GET"]}}],"collection":[{"href":"https:\/\/iyafp.net\/index.php\/wp-json\/wp\/v2\/pages"}],"about":[{"href":"https:\/\/iyafp.net\/index.php\/wp-json\/wp\/v2\/types\/page"}],"author":[{"embeddable":true,"href":"https:\/\/iyafp.net\/index.php\/wp-json\/wp\/v2\/users\/4"}],"replies":[{"embeddable":true,"href":"https:\/\/iyafp.net\/index.php\/wp-json\/wp\/v2\/comments?post=12236"}],"version-history":[{"count":3,"href":"https:\/\/iyafp.net\/index.php\/wp-json\/wp\/v2\/pages\/12236\/revisions"}],"predecessor-version":[{"id":14193,"href":"https:\/\/iyafp.net\/index.php\/wp-json\/wp\/v2\/pages\/12236\/revisions\/14193"}],"wp:attachment":[{"href":"https:\/\/iyafp.net\/index.php\/wp-json\/wp\/v2\/media?parent=12236"}],"curies":[{"name":"wp","href":"https:\/\/api.w.org\/{rel}","templated":true}]}}