{"id":12946,"date":"2023-04-10T14:17:37","date_gmt":"2023-04-10T14:17:37","guid":{"rendered":"https:\/\/iyafp.net\/?page_id=12946"},"modified":"2025-03-01T14:49:26","modified_gmt":"2025-03-01T14:49:26","slug":"sante-sexuelle-et-reproductive","status":"publish","type":"page","link":"https:\/\/iyafp.net\/index.php\/sante-sexuelle-et-reproductive\/","title":{"rendered":"Sant\u00e9 Sexuelle et Reproductive"},"content":{"rendered":"\t\t<div data-elementor-type=\"wp-page\" data-elementor-id=\"12946\" class=\"elementor elementor-12946\" data-elementor-post-type=\"page\">\n\t\t\t\t\t\t<section class=\"elementor-section elementor-top-section elementor-element elementor-element-cd76b9f elementor-section-stretched elementor-section-boxed elementor-section-height-default elementor-section-height-default\" data-id=\"cd76b9f\" data-element_type=\"section\" data-settings=\"{&quot;stretch_section&quot;:&quot;section-stretched&quot;,&quot;background_background&quot;:&quot;classic&quot;}\">\n\t\t\t\t\t\t\t<div class=\"elementor-background-overlay\"><\/div>\n\t\t\t\t\t\t\t<div class=\"elementor-container elementor-column-gap-default\">\n\t\t\t\t\t<div class=\"elementor-column elementor-col-100 elementor-top-column elementor-element elementor-element-8d4f29f\" data-id=\"8d4f29f\" data-element_type=\"column\">\n\t\t\t<div class=\"elementor-widget-wrap elementor-element-populated\">\n\t\t\t\t\t\t<div class=\"elementor-element elementor-element-4652ce0 elementor-widget elementor-widget-heading\" data-id=\"4652ce0\" data-element_type=\"widget\" data-widget_type=\"heading.default\">\n\t\t\t\t<div class=\"elementor-widget-container\">\n\t\t\t\t\t<h2 class=\"elementor-heading-title elementor-size-default\">Sant\u00e9 Sexuelle et Reproductive<\/h2>\t\t\t\t<\/div>\n\t\t\t\t<\/div>\n\t\t\t\t\t<\/div>\n\t\t<\/div>\n\t\t\t\t\t<\/div>\n\t\t<\/section>\n\t\t\t\t<section class=\"elementor-section elementor-top-section elementor-element elementor-element-fc9c385 elementor-section-content-middle elementor-section-boxed elementor-section-height-default elementor-section-height-default\" data-id=\"fc9c385\" data-element_type=\"section\">\n\t\t\t\t\t\t<div class=\"elementor-container elementor-column-gap-default\">\n\t\t\t\t\t<div class=\"elementor-column elementor-col-100 elementor-top-column elementor-element elementor-element-d346552\" data-id=\"d346552\" data-element_type=\"column\">\n\t\t\t<div class=\"elementor-widget-wrap elementor-element-populated\">\n\t\t\t\t\t\t<div class=\"elementor-element elementor-element-00491c0 elementor-widget elementor-widget-image\" data-id=\"00491c0\" data-element_type=\"widget\" data-widget_type=\"image.default\">\n\t\t\t\t<div class=\"elementor-widget-container\">\n\t\t\t\t\t\t\t\t\t\t\t\t\t\t\t<img loading=\"lazy\" loading=\"lazy\" decoding=\"async\" width=\"903\" height=\"621\" src=\"https:\/\/iyafp.net\/wp-content\/uploads\/2023\/04\/Image2.jpg\" class=\"attachment-large size-large wp-image-12985\" alt=\"\" srcset=\"https:\/\/iyafp.net\/wp-content\/uploads\/2023\/04\/Image2.jpg 903w, https:\/\/iyafp.net\/wp-content\/uploads\/2023\/04\/Image2-300x206.jpg 300w, https:\/\/iyafp.net\/wp-content\/uploads\/2023\/04\/Image2-768x528.jpg 768w\" sizes=\"auto, (max-width: 903px) 100vw, 903px\" \/>\t\t\t\t\t\t\t\t\t\t\t\t\t\t\t<\/div>\n\t\t\t\t<\/div>\n\t\t\t\t<div class=\"elementor-element elementor-element-06edfa8 elementor-widget elementor-widget-image\" data-id=\"06edfa8\" data-element_type=\"widget\" data-widget_type=\"image.default\">\n\t\t\t\t<div class=\"elementor-widget-container\">\n\t\t\t\t\t\t\t\t\t\t\t\t\t\t\t<img loading=\"lazy\" loading=\"lazy\" decoding=\"async\" width=\"574\" height=\"502\" src=\"https:\/\/iyafp.net\/wp-content\/uploads\/2023\/04\/Image3.png\" class=\"attachment-large size-large wp-image-12993\" alt=\"\" srcset=\"https:\/\/iyafp.net\/wp-content\/uploads\/2023\/04\/Image3.png 574w, https:\/\/iyafp.net\/wp-content\/uploads\/2023\/04\/Image3-300x262.png 300w\" sizes=\"auto, (max-width: 574px) 100vw, 574px\" \/>\t\t\t\t\t\t\t\t\t\t\t\t\t\t\t<\/div>\n\t\t\t\t<\/div>\n\t\t\t\t<div class=\"elementor-element elementor-element-9687f5c elementor-widget elementor-widget-image\" data-id=\"9687f5c\" data-element_type=\"widget\" data-widget_type=\"image.default\">\n\t\t\t\t<div class=\"elementor-widget-container\">\n\t\t\t\t\t\t\t\t\t\t\t\t\t\t\t<img loading=\"lazy\" loading=\"lazy\" decoding=\"async\" width=\"838\" height=\"644\" src=\"https:\/\/iyafp.net\/wp-content\/uploads\/2023\/04\/Image4-1.jpg\" class=\"attachment-large size-large wp-image-13004\" alt=\"\" srcset=\"https:\/\/iyafp.net\/wp-content\/uploads\/2023\/04\/Image4-1.jpg 838w, https:\/\/iyafp.net\/wp-content\/uploads\/2023\/04\/Image4-1-300x231.jpg 300w, https:\/\/iyafp.net\/wp-content\/uploads\/2023\/04\/Image4-1-768x590.jpg 768w\" sizes=\"auto, (max-width: 838px) 100vw, 838px\" \/>\t\t\t\t\t\t\t\t\t\t\t\t\t\t\t<\/div>\n\t\t\t\t<\/div>\n\t\t\t\t<div class=\"elementor-element elementor-element-36fda8c elementor-widget elementor-widget-image\" data-id=\"36fda8c\" data-element_type=\"widget\" data-widget_type=\"image.default\">\n\t\t\t\t<div class=\"elementor-widget-container\">\n\t\t\t\t\t\t\t\t\t\t\t\t\t\t\t<img loading=\"lazy\" loading=\"lazy\" decoding=\"async\" width=\"1024\" height=\"710\" src=\"https:\/\/iyafp.net\/wp-content\/uploads\/2023\/04\/Image5-1024x710.jpg\" class=\"attachment-large size-large wp-image-13011\" alt=\"\" srcset=\"https:\/\/iyafp.net\/wp-content\/uploads\/2023\/04\/Image5-1024x710.jpg 1024w, https:\/\/iyafp.net\/wp-content\/uploads\/2023\/04\/Image5-300x208.jpg 300w, https:\/\/iyafp.net\/wp-content\/uploads\/2023\/04\/Image5-768x532.jpg 768w, https:\/\/iyafp.net\/wp-content\/uploads\/2023\/04\/Image5.jpg 1218w\" sizes=\"auto, (max-width: 1024px) 100vw, 1024px\" \/>\t\t\t\t\t\t\t\t\t\t\t\t\t\t\t<\/div>\n\t\t\t\t<\/div>\n\t\t\t\t\t<\/div>\n\t\t<\/div>\n\t\t\t\t\t<\/div>\n\t\t<\/section>\n\t\t\t\t<\/div>\n\t\t","protected":false},"excerpt":{"rendered":"<p>Sant\u00e9 Sexuelle et Reproductive<\/p>\n","protected":false},"author":4,"featured_media":0,"parent":0,"menu_order":0,"comment_status":"closed","ping_status":"closed","template":"","meta":{"footnotes":""},"class_list":["post-12946","page","type-page","status-publish"],"yoast_head":"<!-- This site is optimized with the Yoast SEO plugin v26.8 - https:\/\/yoast.com\/product\/yoast-seo-wordpress\/ -->\n<title>Sant\u00e9 Sexuelle et Reproductive - Iyafp.net<\/title>\n<meta name=\"description\" content=\"Sant\u00e9 Sexuelle et Reproductive\" \/>\n<meta name=\"robots\" content=\"index, nofollow, max-video-preview:-1, noimageindex, noarchive, nosnippet\" \/>\n<link rel=\"canonical\" href=\"https:\/\/iyafp.net\/index.php\/sante-sexuelle-et-reproductive\/\" \/>\n<script type=\"application\/ld+json\" class=\"yoast-schema-graph\">{\"@context\":\"https:\/\/schema.org\",\"@graph\":[{\"@type\":\"WebPage\",\"@id\":\"https:\/\/iyafp.net\/index.php\/sante-sexuelle-et-reproductive\/\",\"url\":\"https:\/\/iyafp.net\/index.php\/sante-sexuelle-et-reproductive\/\",\"name\":\"Sant\u00e9 Sexuelle et Reproductive - Iyafp.net\",\"isPartOf\":{\"@id\":\"https:\/\/iyafp.net\/#website\"},\"primaryImageOfPage\":{\"@id\":\"https:\/\/iyafp.net\/index.php\/sante-sexuelle-et-reproductive\/#primaryimage\"},\"image\":{\"@id\":\"https:\/\/iyafp.net\/index.php\/sante-sexuelle-et-reproductive\/#primaryimage\"},\"thumbnailUrl\":\"http:\/\/iyafp.net\/wp-content\/uploads\/2023\/04\/Image2.jpg\",\"datePublished\":\"2023-04-10T14:17:37+00:00\",\"dateModified\":\"2025-03-01T14:49:26+00:00\",\"description\":\"Sant\u00e9 Sexuelle et Reproductive\",\"breadcrumb\":{\"@id\":\"https:\/\/iyafp.net\/index.php\/sante-sexuelle-et-reproductive\/#breadcrumb\"},\"inLanguage\":\"fr-FR\",\"potentialAction\":[{\"@type\":\"ReadAction\",\"target\":[\"https:\/\/iyafp.net\/index.php\/sante-sexuelle-et-reproductive\/\"]}]},{\"@type\":\"ImageObject\",\"inLanguage\":\"fr-FR\",\"@id\":\"https:\/\/iyafp.net\/index.php\/sante-sexuelle-et-reproductive\/#primaryimage\",\"url\":\"http:\/\/iyafp.net\/wp-content\/uploads\/2023\/04\/Image2.jpg\",\"contentUrl\":\"http:\/\/iyafp.net\/wp-content\/uploads\/2023\/04\/Image2.jpg\"},{\"@type\":\"BreadcrumbList\",\"@id\":\"https:\/\/iyafp.net\/index.php\/sante-sexuelle-et-reproductive\/#breadcrumb\",\"itemListElement\":[{\"@type\":\"ListItem\",\"position\":1,\"name\":\"Accueil\",\"item\":\"https:\/\/iyafp.net\/\"},{\"@type\":\"ListItem\",\"position\":2,\"name\":\"Sant\u00e9 Sexuelle et Reproductive\"}]},{\"@type\":\"WebSite\",\"@id\":\"https:\/\/iyafp.net\/#website\",\"url\":\"https:\/\/iyafp.net\/\",\"name\":\"IYAFP\",\"description\":\"Libert\u00e9 de choix et de d\u00e9cision en Sant\u00e9 Sexuelle et reproductive sans discrimination\",\"publisher\":{\"@id\":\"https:\/\/iyafp.net\/#organization\"},\"potentialAction\":[{\"@type\":\"SearchAction\",\"target\":{\"@type\":\"EntryPoint\",\"urlTemplate\":\"https:\/\/iyafp.net\/?s={search_term_string}\"},\"query-input\":{\"@type\":\"PropertyValueSpecification\",\"valueRequired\":true,\"valueName\":\"search_term_string\"}}],\"inLanguage\":\"fr-FR\"},{\"@type\":\"Organization\",\"@id\":\"https:\/\/iyafp.net\/#organization\",\"name\":\"IYAFP\",\"url\":\"https:\/\/iyafp.net\/\",\"logo\":{\"@type\":\"ImageObject\",\"inLanguage\":\"fr-FR\",\"@id\":\"https:\/\/iyafp.net\/#\/schema\/logo\/image\/\",\"url\":\"https:\/\/iyafp.net\/wp-content\/uploads\/2023\/03\/LOGO-IYAFP-RDC.png\",\"contentUrl\":\"https:\/\/iyafp.net\/wp-content\/uploads\/2023\/03\/LOGO-IYAFP-RDC.png\",\"width\":1768,\"height\":908,\"caption\":\"IYAFP\"},\"image\":{\"@id\":\"https:\/\/iyafp.net\/#\/schema\/logo\/image\/\"},\"sameAs\":[\"https:\/\/web.facebook.com\/IYAFPofficiel\",\"https:\/\/x.com\/IYAFP1\",\"https:\/\/www.linkedin.com\/company\/iyafprdc\/\",\"https:\/\/www.youtube.com\/@iyafprdc\",\"https:\/\/www.tiktok.com\/@iyafprd\"]}]}<\/script>\n<!-- \/ Yoast SEO plugin. -->","yoast_head_json":{"title":"Sant\u00e9 Sexuelle et Reproductive - Iyafp.net","description":"Sant\u00e9 Sexuelle et Reproductive","robots":{"index":"index","follow":"nofollow","max-video-preview":"max-video-preview:-1","imageindex":"noimageindex","archive":"noarchive","snippet":"nosnippet"},"canonical":"https:\/\/iyafp.net\/index.php\/sante-sexuelle-et-reproductive\/","schema":{"@context":"https:\/\/schema.org","@graph":[{"@type":"WebPage","@id":"https:\/\/iyafp.net\/index.php\/sante-sexuelle-et-reproductive\/","url":"https:\/\/iyafp.net\/index.php\/sante-sexuelle-et-reproductive\/","name":"Sant\u00e9 Sexuelle et Reproductive - Iyafp.net","isPartOf":{"@id":"https:\/\/iyafp.net\/#website"},"primaryImageOfPage":{"@id":"https:\/\/iyafp.net\/index.php\/sante-sexuelle-et-reproductive\/#primaryimage"},"image":{"@id":"https:\/\/iyafp.net\/index.php\/sante-sexuelle-et-reproductive\/#primaryimage"},"thumbnailUrl":"http:\/\/iyafp.net\/wp-content\/uploads\/2023\/04\/Image2.jpg","datePublished":"2023-04-10T14:17:37+00:00","dateModified":"2025-03-01T14:49:26+00:00","description":"Sant\u00e9 Sexuelle et Reproductive","breadcrumb":{"@id":"https:\/\/iyafp.net\/index.php\/sante-sexuelle-et-reproductive\/#breadcrumb"},"inLanguage":"fr-FR","potentialAction":[{"@type":"ReadAction","target":["https:\/\/iyafp.net\/index.php\/sante-sexuelle-et-reproductive\/"]}]},{"@type":"ImageObject","inLanguage":"fr-FR","@id":"https:\/\/iyafp.net\/index.php\/sante-sexuelle-et-reproductive\/#primaryimage","url":"http:\/\/iyafp.net\/wp-content\/uploads\/2023\/04\/Image2.jpg","contentUrl":"http:\/\/iyafp.net\/wp-content\/uploads\/2023\/04\/Image2.jpg"},{"@type":"BreadcrumbList","@id":"https:\/\/iyafp.net\/index.php\/sante-sexuelle-et-reproductive\/#breadcrumb","itemListElement":[{"@type":"ListItem","position":1,"name":"Accueil","item":"https:\/\/iyafp.net\/"},{"@type":"ListItem","position":2,"name":"Sant\u00e9 Sexuelle et Reproductive"}]},{"@type":"WebSite","@id":"https:\/\/iyafp.net\/#website","url":"https:\/\/iyafp.net\/","name":"IYAFP","description":"Libert\u00e9 de choix et de d\u00e9cision en Sant\u00e9 Sexuelle et reproductive sans discrimination","publisher":{"@id":"https:\/\/iyafp.net\/#organization"},"potentialAction":[{"@type":"SearchAction","target":{"@type":"EntryPoint","urlTemplate":"https:\/\/iyafp.net\/?s={search_term_string}"},"query-input":{"@type":"PropertyValueSpecification","valueRequired":true,"valueName":"search_term_string"}}],"inLanguage":"fr-FR"},{"@type":"Organization","@id":"https:\/\/iyafp.net\/#organization","name":"IYAFP","url":"https:\/\/iyafp.net\/","logo":{"@type":"ImageObject","inLanguage":"fr-FR","@id":"https:\/\/iyafp.net\/#\/schema\/logo\/image\/","url":"https:\/\/iyafp.net\/wp-content\/uploads\/2023\/03\/LOGO-IYAFP-RDC.png","contentUrl":"https:\/\/iyafp.net\/wp-content\/uploads\/2023\/03\/LOGO-IYAFP-RDC.png","width":1768,"height":908,"caption":"IYAFP"},"image":{"@id":"https:\/\/iyafp.net\/#\/schema\/logo\/image\/"},"sameAs":["https:\/\/web.facebook.com\/IYAFPofficiel","https:\/\/x.com\/IYAFP1","https:\/\/www.linkedin.com\/company\/iyafprdc\/","https:\/\/www.youtube.com\/@iyafprdc","https:\/\/www.tiktok.com\/@iyafprd"]}]}},"_links":{"self":[{"href":"https:\/\/iyafp.net\/index.php\/wp-json\/wp\/v2\/pages\/12946","targetHints":{"allow":["GET"]}}],"collection":[{"href":"https:\/\/iyafp.net\/index.php\/wp-json\/wp\/v2\/pages"}],"about":[{"href":"https:\/\/iyafp.net\/index.php\/wp-json\/wp\/v2\/types\/page"}],"author":[{"embeddable":true,"href":"https:\/\/iyafp.net\/index.php\/wp-json\/wp\/v2\/users\/4"}],"replies":[{"embeddable":true,"href":"https:\/\/iyafp.net\/index.php\/wp-json\/wp\/v2\/comments?post=12946"}],"version-history":[{"count":3,"href":"https:\/\/iyafp.net\/index.php\/wp-json\/wp\/v2\/pages\/12946\/revisions"}],"predecessor-version":[{"id":14307,"href":"https:\/\/iyafp.net\/index.php\/wp-json\/wp\/v2\/pages\/12946\/revisions\/14307"}],"wp:attachment":[{"href":"https:\/\/iyafp.net\/index.php\/wp-json\/wp\/v2\/media?parent=12946"}],"curies":[{"name":"wp","href":"https:\/\/api.w.org\/{rel}","templated":true}]}}