{"id":13472,"date":"2023-04-19T13:49:11","date_gmt":"2023-04-19T13:49:11","guid":{"rendered":"https:\/\/iyafp.net\/?page_id=13472"},"modified":"2025-03-01T14:51:20","modified_gmt":"2025-03-01T14:51:20","slug":"paix-et-democratie","status":"publish","type":"page","link":"https:\/\/iyafp.net\/index.php\/paix-et-democratie\/","title":{"rendered":"Paix et D\u00e9mocratie"},"content":{"rendered":"\t\t<div data-elementor-type=\"wp-page\" data-elementor-id=\"13472\" class=\"elementor elementor-13472\" data-elementor-post-type=\"page\">\n\t\t\t\t\t\t<section class=\"elementor-section elementor-top-section elementor-element elementor-element-95d0ffe elementor-section-stretched elementor-section-boxed elementor-section-height-default elementor-section-height-default\" data-id=\"95d0ffe\" data-element_type=\"section\" data-settings=\"{&quot;stretch_section&quot;:&quot;section-stretched&quot;,&quot;background_background&quot;:&quot;classic&quot;}\">\n\t\t\t\t\t\t\t<div class=\"elementor-background-overlay\"><\/div>\n\t\t\t\t\t\t\t<div class=\"elementor-container elementor-column-gap-default\">\n\t\t\t\t\t<div class=\"elementor-column elementor-col-100 elementor-top-column elementor-element elementor-element-6a3bf49\" data-id=\"6a3bf49\" data-element_type=\"column\">\n\t\t\t<div class=\"elementor-widget-wrap elementor-element-populated\">\n\t\t\t\t\t\t<div class=\"elementor-element elementor-element-834f52f elementor-widget elementor-widget-heading\" data-id=\"834f52f\" data-element_type=\"widget\" data-widget_type=\"heading.default\">\n\t\t\t\t<div class=\"elementor-widget-container\">\n\t\t\t\t\t<h2 class=\"elementor-heading-title elementor-size-default\">Paix et D\u00e9mocratie<\/h2>\t\t\t\t<\/div>\n\t\t\t\t<\/div>\n\t\t\t\t\t<\/div>\n\t\t<\/div>\n\t\t\t\t\t<\/div>\n\t\t<\/section>\n\t\t\t\t<section class=\"elementor-section elementor-top-section elementor-element elementor-element-fc9c385 elementor-section-content-middle elementor-section-boxed elementor-section-height-default elementor-section-height-default\" data-id=\"fc9c385\" data-element_type=\"section\">\n\t\t\t\t\t\t<div class=\"elementor-container elementor-column-gap-default\">\n\t\t\t\t\t<div class=\"elementor-column elementor-col-100 elementor-top-column elementor-element elementor-element-d346552\" data-id=\"d346552\" data-element_type=\"column\">\n\t\t\t<div class=\"elementor-widget-wrap elementor-element-populated\">\n\t\t\t\t\t\t<div class=\"elementor-element elementor-element-f867072 elementor-widget elementor-widget-text-editor\" data-id=\"f867072\" data-element_type=\"widget\" data-widget_type=\"text-editor.default\">\n\t\t\t\t<div class=\"elementor-widget-container\">\n\t\t\t\t\t\t\t\t\t<ul><li>Promotion du maintien de paix;<\/li><li>Proposition des id\u00e9es, projets et autres pour la consolidation de paix;<\/li><li>Participation aux initiatives visant \u00e0 promouvoir la d\u00e9mocratie.<\/li><\/ul>\t\t\t\t\t\t\t\t<\/div>\n\t\t\t\t<\/div>\n\t\t\t\t\t<\/div>\n\t\t<\/div>\n\t\t\t\t\t<\/div>\n\t\t<\/section>\n\t\t\t\t<\/div>\n\t\t","protected":false},"excerpt":{"rendered":"<p>Paix et D\u00e9mocratie Promotion du maintien de paix; Proposition des id\u00e9es, projets et autres pour la consolidation de paix; Participation aux initiatives visant \u00e0 promouvoir la d\u00e9mocratie.<\/p>\n","protected":false},"author":4,"featured_media":0,"parent":0,"menu_order":0,"comment_status":"closed","ping_status":"closed","template":"","meta":{"footnotes":""},"class_list":["post-13472","page","type-page","status-publish"],"yoast_head":"<!-- This site is optimized with the Yoast SEO plugin v26.8 - https:\/\/yoast.com\/product\/yoast-seo-wordpress\/ -->\n<title>Paix et D\u00e9mocratie - Iyafp.net<\/title>\n<meta name=\"description\" content=\"Paix et D\u00e9mocratie Promotion du maintien de paix;Proposition des id\u00e9es, projets et autres pour la consolidation de paix;Participation aux initiatives\" \/>\n<meta name=\"robots\" content=\"index, nofollow, max-video-preview:-1, noimageindex, noarchive, nosnippet\" \/>\n<link rel=\"canonical\" href=\"https:\/\/iyafp.net\/index.php\/paix-et-democratie\/\" \/>\n<script type=\"application\/ld+json\" class=\"yoast-schema-graph\">{\"@context\":\"https:\/\/schema.org\",\"@graph\":[{\"@type\":\"WebPage\",\"@id\":\"https:\/\/iyafp.net\/index.php\/paix-et-democratie\/\",\"url\":\"https:\/\/iyafp.net\/index.php\/paix-et-democratie\/\",\"name\":\"Paix et D\u00e9mocratie - Iyafp.net\",\"isPartOf\":{\"@id\":\"https:\/\/iyafp.net\/#website\"},\"datePublished\":\"2023-04-19T13:49:11+00:00\",\"dateModified\":\"2025-03-01T14:51:20+00:00\",\"description\":\"Paix et D\u00e9mocratie Promotion du maintien de paix;Proposition des id\u00e9es, projets et autres pour la consolidation de paix;Participation aux initiatives\",\"breadcrumb\":{\"@id\":\"https:\/\/iyafp.net\/index.php\/paix-et-democratie\/#breadcrumb\"},\"inLanguage\":\"fr-FR\",\"potentialAction\":[{\"@type\":\"ReadAction\",\"target\":[\"https:\/\/iyafp.net\/index.php\/paix-et-democratie\/\"]}]},{\"@type\":\"BreadcrumbList\",\"@id\":\"https:\/\/iyafp.net\/index.php\/paix-et-democratie\/#breadcrumb\",\"itemListElement\":[{\"@type\":\"ListItem\",\"position\":1,\"name\":\"Accueil\",\"item\":\"https:\/\/iyafp.net\/\"},{\"@type\":\"ListItem\",\"position\":2,\"name\":\"Paix et D\u00e9mocratie\"}]},{\"@type\":\"WebSite\",\"@id\":\"https:\/\/iyafp.net\/#website\",\"url\":\"https:\/\/iyafp.net\/\",\"name\":\"IYAFP\",\"description\":\"Libert\u00e9 de choix et de d\u00e9cision en Sant\u00e9 Sexuelle et reproductive sans discrimination\",\"publisher\":{\"@id\":\"https:\/\/iyafp.net\/#organization\"},\"potentialAction\":[{\"@type\":\"SearchAction\",\"target\":{\"@type\":\"EntryPoint\",\"urlTemplate\":\"https:\/\/iyafp.net\/?s={search_term_string}\"},\"query-input\":{\"@type\":\"PropertyValueSpecification\",\"valueRequired\":true,\"valueName\":\"search_term_string\"}}],\"inLanguage\":\"fr-FR\"},{\"@type\":\"Organization\",\"@id\":\"https:\/\/iyafp.net\/#organization\",\"name\":\"IYAFP\",\"url\":\"https:\/\/iyafp.net\/\",\"logo\":{\"@type\":\"ImageObject\",\"inLanguage\":\"fr-FR\",\"@id\":\"https:\/\/iyafp.net\/#\/schema\/logo\/image\/\",\"url\":\"https:\/\/iyafp.net\/wp-content\/uploads\/2023\/03\/LOGO-IYAFP-RDC.png\",\"contentUrl\":\"https:\/\/iyafp.net\/wp-content\/uploads\/2023\/03\/LOGO-IYAFP-RDC.png\",\"width\":1768,\"height\":908,\"caption\":\"IYAFP\"},\"image\":{\"@id\":\"https:\/\/iyafp.net\/#\/schema\/logo\/image\/\"},\"sameAs\":[\"https:\/\/web.facebook.com\/IYAFPofficiel\",\"https:\/\/x.com\/IYAFP1\",\"https:\/\/www.linkedin.com\/company\/iyafprdc\/\",\"https:\/\/www.youtube.com\/@iyafprdc\",\"https:\/\/www.tiktok.com\/@iyafprd\"]}]}<\/script>\n<!-- \/ Yoast SEO plugin. -->","yoast_head_json":{"title":"Paix et D\u00e9mocratie - Iyafp.net","description":"Paix et D\u00e9mocratie Promotion du maintien de paix;Proposition des id\u00e9es, projets et autres pour la consolidation de paix;Participation aux initiatives","robots":{"index":"index","follow":"nofollow","max-video-preview":"max-video-preview:-1","imageindex":"noimageindex","archive":"noarchive","snippet":"nosnippet"},"canonical":"https:\/\/iyafp.net\/index.php\/paix-et-democratie\/","schema":{"@context":"https:\/\/schema.org","@graph":[{"@type":"WebPage","@id":"https:\/\/iyafp.net\/index.php\/paix-et-democratie\/","url":"https:\/\/iyafp.net\/index.php\/paix-et-democratie\/","name":"Paix et D\u00e9mocratie - Iyafp.net","isPartOf":{"@id":"https:\/\/iyafp.net\/#website"},"datePublished":"2023-04-19T13:49:11+00:00","dateModified":"2025-03-01T14:51:20+00:00","description":"Paix et D\u00e9mocratie Promotion du maintien de paix;Proposition des id\u00e9es, projets et autres pour la consolidation de paix;Participation aux initiatives","breadcrumb":{"@id":"https:\/\/iyafp.net\/index.php\/paix-et-democratie\/#breadcrumb"},"inLanguage":"fr-FR","potentialAction":[{"@type":"ReadAction","target":["https:\/\/iyafp.net\/index.php\/paix-et-democratie\/"]}]},{"@type":"BreadcrumbList","@id":"https:\/\/iyafp.net\/index.php\/paix-et-democratie\/#breadcrumb","itemListElement":[{"@type":"ListItem","position":1,"name":"Accueil","item":"https:\/\/iyafp.net\/"},{"@type":"ListItem","position":2,"name":"Paix et D\u00e9mocratie"}]},{"@type":"WebSite","@id":"https:\/\/iyafp.net\/#website","url":"https:\/\/iyafp.net\/","name":"IYAFP","description":"Libert\u00e9 de choix et de d\u00e9cision en Sant\u00e9 Sexuelle et reproductive sans discrimination","publisher":{"@id":"https:\/\/iyafp.net\/#organization"},"potentialAction":[{"@type":"SearchAction","target":{"@type":"EntryPoint","urlTemplate":"https:\/\/iyafp.net\/?s={search_term_string}"},"query-input":{"@type":"PropertyValueSpecification","valueRequired":true,"valueName":"search_term_string"}}],"inLanguage":"fr-FR"},{"@type":"Organization","@id":"https:\/\/iyafp.net\/#organization","name":"IYAFP","url":"https:\/\/iyafp.net\/","logo":{"@type":"ImageObject","inLanguage":"fr-FR","@id":"https:\/\/iyafp.net\/#\/schema\/logo\/image\/","url":"https:\/\/iyafp.net\/wp-content\/uploads\/2023\/03\/LOGO-IYAFP-RDC.png","contentUrl":"https:\/\/iyafp.net\/wp-content\/uploads\/2023\/03\/LOGO-IYAFP-RDC.png","width":1768,"height":908,"caption":"IYAFP"},"image":{"@id":"https:\/\/iyafp.net\/#\/schema\/logo\/image\/"},"sameAs":["https:\/\/web.facebook.com\/IYAFPofficiel","https:\/\/x.com\/IYAFP1","https:\/\/www.linkedin.com\/company\/iyafprdc\/","https:\/\/www.youtube.com\/@iyafprdc","https:\/\/www.tiktok.com\/@iyafprd"]}]}},"_links":{"self":[{"href":"https:\/\/iyafp.net\/index.php\/wp-json\/wp\/v2\/pages\/13472","targetHints":{"allow":["GET"]}}],"collection":[{"href":"https:\/\/iyafp.net\/index.php\/wp-json\/wp\/v2\/pages"}],"about":[{"href":"https:\/\/iyafp.net\/index.php\/wp-json\/wp\/v2\/types\/page"}],"author":[{"embeddable":true,"href":"https:\/\/iyafp.net\/index.php\/wp-json\/wp\/v2\/users\/4"}],"replies":[{"embeddable":true,"href":"https:\/\/iyafp.net\/index.php\/wp-json\/wp\/v2\/comments?post=13472"}],"version-history":[{"count":3,"href":"https:\/\/iyafp.net\/index.php\/wp-json\/wp\/v2\/pages\/13472\/revisions"}],"predecessor-version":[{"id":14324,"href":"https:\/\/iyafp.net\/index.php\/wp-json\/wp\/v2\/pages\/13472\/revisions\/14324"}],"wp:attachment":[{"href":"https:\/\/iyafp.net\/index.php\/wp-json\/wp\/v2\/media?parent=13472"}],"curies":[{"name":"wp","href":"https:\/\/api.w.org\/{rel}","templated":true}]}}